{"id":375,"date":"2025-04-14T15:17:31","date_gmt":"2025-04-14T15:17:31","guid":{"rendered":"https:\/\/funcionapsicologia.com\/aviso-legal\/"},"modified":"2025-10-10T10:13:33","modified_gmt":"2025-10-10T10:13:33","slug":"legal-notice","status":"publish","type":"page","link":"https:\/\/funcionapsicologia.com\/en\/legal-notice\/","title":{"rendered":"Legal notice"},"content":{"rendered":"<section class=\"text_content_text_1_1 background-1-light\" data-block-id=\"69e302adedf6069e302adedf61\" data-block-name=\"acf\/textcontent-1-1\" data-post-id=\"375\" data-stable-id=\"block_1dc55d1b98b8afc508fa59a76b463b1f\">\r\n    <div class=\"container\">\r\n        <div class=\"row\">\r\n            <div class=\"col\">\r\n                <div class=\"content-theme\">\r\n                                        <div class=\"texto color-1-headings-dark tamano7\">\r\n                        <h2 style='text-align: center'>LEGAL NOTICE AND GENERAL TERMS OF USE <br \/>\n https:\/\/funcionapsicologia.com\/en\/<\/h2>\n<p> &nbsp;<\/p>\n<h3>I. GENERAL INFORMATION<\/h3>\n<p>In compliance with the duty of information set out in Law 34\/2002 on Information Society Services and Electronic Commerce (LSSI-CE) of July 11, the following general information data of this website is provided below:<\/p>\n<p>The ownership of this website, https:\/\/funcionapsicologia.com\/en\/ (hereinafter, Website), is held by: F\u00e1tima Narv\u00e1ez , with NIF: 51119187P, and whose contact details are:<\/p>\n<p>Address: <\/p>\n<p>Contact phone: 619936306<\/p>\n<p>Contact email: <\/p>\n<p> &nbsp;<\/p>\n<h3>II. GENERAL TERMS AND CONDITIONS OF USE<\/h3>\n<h4>The purpose of the conditions: The Website<\/h4>\n<p>The purpose of these General Terms of Use (hereinafter, Terms) is to regulate access and use of the Website. For the purposes of these Terms, the Website means: the external appearance of the screen interfaces, both in a static and dynamic form, that is, the navigation tree; and all the elements integrated into both the screen interfaces and the navigation tree (hereinafter, Content) and all those online services or resources that, where appropriate, it offers to Users (hereinafter, Services).<\/p>\n<p>Blog de F\u00e1tima Narv\u00e1ez reserves the right to modify, at any time, and without prior notice, the presentation and configuration of the Website and the Content and Services that may be incorporated therein. The User acknowledges and accepts that at any time Blog de F\u00e1tima Narv\u00e1ez may interrupt, deactivate and\/or cancel any of these elements integrated into the Website or access to them.<\/p>\n<p>Access to the Website by the User is free of charge and, as a general rule, is free without the User having to provide any consideration to enjoy this, except for the connection cost through the telecommunications network provided by the access provider contracted by the User.<br \/>\n The use of any of the Content or Services of the Website may be made through prior User subscription or registration.<\/p>\n<h4>The User<\/h4>\n<p>\n Access, browsing and use of the Website, as well as by the spaces enabled for interaction between Users, and the User and Blog de F\u00e1tima Narv\u00e1ez, such as comments and\/or blogging spaces, confers the condition of User, for which all the Terms established herein are accepted, as well as their subsequent modifications, without prejudice to the application of the corresponding legal regulations of obligatory compliance as the case may be. Given the importance of the above, the User is recommended to read them each time they visit the Website.\n <\/p>\n<p>\n The Website of Blog de F\u00e1tima Narv\u00e1ez provides a great diversity of information, services, and data. The User assumes responsibility for making a correct use of the Website. This responsibility will extend to:\n <\/p>\n<ul>\n<li>Use of the information, Content and\/or Services and data offered by Blog de F\u00e1tima Narv\u00e1ez without being contrary to the provisions of these Terms, the Law, morals, or public order, or that in any other way may cause damage to the rights of third parties or the same operation of the Website.<\/li>\n<li>The truthfulness and legality of the information provided by the User in the forms offered by Blog de F\u00e1tima Narv\u00e1ez for access to certain Content or Services offered by the Website. In any case, the User will immediately notify Blog de F\u00e1tima Narv\u00e1ez of any fact that allows the misuse of the information registered in such forms, such as, but not limited to, theft, loss, or unauthorized access to identifiers and\/or passwords, in order to proceed with its immediate cancellation.<\/li>\n<\/ul>\n<p>\n Blog de F\u00e1tima Narv\u00e1ez reserves the right to remove all comments and contributions that violate the law, respect for human dignity, that are discriminatory, xenophobic, racist, pornographic, spamming, that threaten youth or childhood, public order or safety, or that, in its opinion, are not suitable for publication.\n <\/p>\n<p>\n In any case, Blog de F\u00e1tima Narv\u00e1ez will not be responsible for the opinions expressed by Users through comments or other blogging or participation tools that may exist.\n <\/p>\n<p>\n Mere access to this Website does not imply any type of commercial relationship between Blog de F\u00e1tima Narv\u00e1ez and the User.\n <\/p>\n<p>\n The User declares to be of legal age and to have the legal capacity to be bound by these Terms. Therefore, this Website of Blog de F\u00e1tima Narv\u00e1ez is not directed at minors. Blog de F\u00e1tima Narv\u00e1ez declines any responsibility for the breach of this requirement.\n <\/p>\n<p> &nbsp;<\/p>\n<h3>III. ACCESS AND NAVIGATION ON THE WEBSITE:<\/h3>\n<h4>EXCLUSION OF WARRANTIES AND LIABILITY<\/h4>\n<p>\n Blog de F\u00e1tima Narv\u00e1ez does not guarantee the continuity, availability, and usefulness of the Website, or the Content or Services. Blog de F\u00e1tima Narv\u00e1ez will do everything possible for the proper functioning of the Website, however, it does not guarantee or take responsibility for that access to this Website will not be uninterrupted or that it is free of errors.\n <\/p>\n<p>\n Neither does it assume responsibility or guarantee that the content or software that can be accessed through this Website is free of errors or causes damage to the User&#8217;s computer system (software and hardware). In no case shall Blog de F\u00e1tima Narv\u00e1ez be responsible for losses, damages or harm of any kind that arise from accessing, browsing, and using the Website, including, but not limited to, those caused to computer systems or those caused by the introduction of viruses.\n <\/p>\n<p>\n Blog de F\u00e1tima Narv\u00e1ez is also not responsible for damages that could be caused to users by an inappropriate use of this Website. In particular, it is not responsible in any way for the falls, interruptions, lack or defect of telecommunications that could occur.\n <\/p>\n<p> &nbsp;<\/p>\n<h3>IV. LINK POLICY<\/h3>\n<p>\n It is reported that the Website of Blog de F\u00e1tima Narv\u00e1ez puts or may put at the disposal of Users linking means (such as, among others, links, banners, buttons), directories and search engines that allow Users to access websites belonging to and\/or managed by third parties.\n <\/p>\n<p>\n The installation of these links, directories and search engines on the Website is intended to facilitate Users the search for and access to the information available on the Internet, without it being considered a suggestion, recommendation or invitation for the visit of the same.\n <\/p>\n<p>\n Blog de F\u00e1tima Narv\u00e1ez does not offer or market by itself or through third parties the products and\/or services available on such linked sites.<\/p>\n<p>\n Likewise, it will not guarantee the technical availability, accuracy, truthfulness, validity or legality of external sites to its property that can be accessed by the links.<\/p>\n<p>\n Blog de F\u00e1tima Narv\u00e1ez in no case will review or control the content of other websites, nor does it approve, examine or make its own the products and services, content, files and any other material existing in the referred linked sites.<\/p>\n<p>\n Blog de F\u00e1tima Narv\u00e1ez does not assume any responsibility for the damages and losses that could occur due to the access, use, quality or legality of the content, communications, opinions, products, and services of websites not managed by Blog de F\u00e1tima Narv\u00e1ez and that are linked to in this Website.<\/p>\n<p>\n The User or third party who makes a hyperlink from another, different, website to the Website of Blog de F\u00e1tima Narv\u00e1ez should know that:<\/p>\n<p>\n The total or partial reproduction of any of the Content and\/or Services of the Website without the express authorization of Blog de F\u00e1tima Narv\u00e1ez is not permitted.<\/p>\n<p>\n No false, inaccurate or incorrect statement about the Website of Blog de F\u00e1tima Narv\u00e1ez, nor about the Content and\/or Services of the same is allowed.\n <\/p>\n<p>\n Except for the hyperlink, the website in which this hyperlink is established will not contain any element of this Website protected as intellectual property by the Spanish legal system, except with the express authorization of Blog de F\u00e1tima Narv\u00e1ez.<\/p>\n<p>\n The establishment of the hyperlink does not imply the existence of relations between Blog de F\u00e1tima Narv\u00e1ez and the owner of the website from which it is made, nor the knowledge and acceptance by Blog de F\u00e1tima Narv\u00e1ez of the contents, services and\/or activities offered on that website, and vice versa.<\/p>\n<p> &nbsp;<\/p>\n<h3>V. INTELLECTUAL AND INDUSTRIAL PROPERTY<\/h3>\n<p>\n Blog de F\u00e1tima Narv\u00e1ez is by itself or as an assignee, the owner of all intellectual and industrial property rights of the Website, as well as of the elements contained therein (by way of example and not exhaustive, images, sound, audio, video, software or texts, brands or logos, color combinations, structure and design, selection of materials used, computer programs necessary for its operation, access and use, etc.). They will therefore be works protected as intellectual property by Spanish law, and therefore Spanish and European Union regulations in this field, as well as the international treaties signed by Spain, will be applicable to them.<\/p>\n<p>\n All rights reserved. Pursuant to the provisions of the Intellectual Property Law, the reproduction, distribution, and public communication, including its modality of putting it at the disposal, of all or part of the contents of this website, for commercial purposes, is expressly prohibited in any medium and by any technical means, without the authorization of Blog de F\u00e1tima Narv\u00e1ez.<\/p>\n<p>\n The User agrees to respect the intellectual and industrial property rights of Blog de F\u00e1tima Narv\u00e1ez. The User may view the elements of the Website or even print them, copy them and store them on the hard drive of their computer or any other physical medium provided it is solely for personal use. However, the User will not be able to remove, alter, or manipulate any protection device or security system installed on the Website.<\/p>\n<p>\n In the event that the User or third party considers that any of the Content of the Website constitutes a violation of intellectual property rights, they must immediately notify Blog de F\u00e1tima Narv\u00e1ez via the contact details in the GENERAL INFORMATION section of this Legal Notice and General Terms and Conditions of Use.\n <\/p>\n<p> &nbsp;<\/p>\n<h3>VI. LEGAL ACTIONS, APPLICABLE LEGISLATION AND JURISDICTION<\/h3>\n<p>\n Blog de F\u00e1tima Narv\u00e1ez reserves the right to file the civil or criminal actions it deems necessary for the improper use of the Website and Content, or for the breach of these Terms.<\/p>\n<p>\n The relationship between the User and Blog de F\u00e1tima Narv\u00e1ez will be governed by current regulations and applicable in Spanish territory. In the event of any dispute regarding the interpretation and\/or application of these Terms, the parties will submit their conflicts to the ordinary jurisdiction, submitting to the judges and courts that correspond according to law.<\/p>\n<p>\n This document of Legal Notice and General Terms of Use of the website was created using the online legal notice and terms of use template generator on 18\/02\/2024.\n <\/p>\n                    <\/div>\r\n                                    <\/div>\r\n            <\/div>\r\n        <\/div>\r\n    <\/div>\r\n<\/section>\r\n<style>\r\n    .text_content_text_1_1 h1 {\r\n        padding-bottom: 60px;\r\n        font-size: var(--tamano1-font-size);\r\n        font-weight: var(--tamano1-font-weight);\r\n        line-height: var(--tamano1-line-height);\r\n        letter-spacing: var(--tamano1-letter-spacing);\r\n        font-family: var(--tamano1-font-family);\r\n        color: var(--color-2-headings-dark);\r\n    }\r\n\r\n    .text_content_text_1_1 h2 {\r\n        padding-bottom: 60px;\r\n        font-size: var(--tamano2-font-size);\r\n        font-weight: var(--tamano2-font-weight);\r\n        line-height: var(--tamano2-line-height);\r\n        letter-spacing: var(--tamano2-letter-spacing);\r\n        font-family: var(--tamano2-font-family);\r\n        color: var(--color-2-headings-dark);\r\n    }\r\n\r\n    .text_content_text_1_1 h3 {\r\n        padding-bottom: 60px;\r\n        font-size: var(--tamano3-font-size);\r\n        font-weight: var(--tamano3-font-weight);\r\n        line-height: var(--tamano3-line-height);\r\n        letter-spacing: var(--tamano3-letter-spacing);\r\n        font-family: var(--tamano3-font-family);\r\n        color: var(--color-2-headings-dark);\r\n    }\r\n\r\n    .text_content_text_1_1 h4 {\r\n        padding-bottom: 60px;\r\n        font-size: var(--tamano4-font-size);\r\n        font-weight: var(--tamano4-font-weight);\r\n        line-height: var(--tamano4-line-height);\r\n        letter-spacing: var(--tamano4-letter-spacing);\r\n        font-family: var(--tamano4-font-family);\r\n        color: var(--color-2-headings-dark);\r\n    }\r\n\r\n    .text_content_text_1_1 ul,\r\n    .text_content_text_1_1 ol {\r\n        padding-left: 20px;\r\n    }\r\n\r\n    .text_content_text_1_1 .row .col {\r\n        padding-top: 75px;\r\n        width: 100%;\r\n    }\r\n\r\n\r\n    .text_content_text_1_1 .texto {\r\n        margin-bottom: 50px;\r\n    }\r\n\r\n    .text_content_text_1_1 .texto * {\r\n        padding-bottom: 20px;\r\n    }\r\n\r\n\r\n    .text_content_text_1_1 .row {\r\n        display: flex;\r\n        gap: 0px;\r\n    }\r\n\r\n    .text_content_text_1_1 {\r\n        position: relative;\r\n        background-position: center;\r\n        background-repeat: no-repeat;\r\n        background-size: cover;\r\n        padding: 81px 150px;\r\n        margin-top: -1px;\r\n    }\r\n\r\n    @media (max-width:1750px) {\r\n        .text_content_text_1_1 .row {\r\n            gap: 100px;\r\n        }\r\n    }\r\n\r\n    @media (max-width:1550px) {\r\n        .text_content_text_1_1 {\r\n            padding-left: 50px;\r\n            padding-right: 50px;\r\n        }\r\n    }\r\n\r\n    @media (max-width:1350px) {\r\n        .text_content_text_1_1 .row {\r\n            gap: 30px;\r\n        }\r\n    }\r\n\r\n    @media (max-width:1200px) {\r\n        .text_content_text_1_1 {\r\n            padding-left: 0;\r\n            padding-right: 0;\r\n        }\r\n    }\r\n\r\n    @media (max-width:992px) {\r\n        .text_content_text_1_1 .row .col-left {\r\n            padding-top: 0;\r\n            max-width: 100%;\r\n        }\r\n\r\n        .text_content_text_1_1 .texto {\r\n            margin-bottom: 35px;\r\n        }\r\n\r\n        .text_content_text_1_1 h2 {\r\n            padding-bottom: 40px;\r\n        }\r\n\r\n        .text_content_text_1_1 {\r\n            padding: 40px 0;\r\n        }\r\n\r\n        .text_content_text_1_1 h1 {\r\n            font-size: var(--tamano1-font-size-mobile);\r\n        }\r\n\r\n        .text_content_text_1_1 h2 {\r\n            font-size: var(--tamano2-font-size-mobile);\r\n        }\r\n\r\n        .text_content_text_1_1 h3 {\r\n            font-size: var(--tamano3-font-size-mobile);\r\n        }\r\n\r\n        .text_content_text_1_1 h4 {\r\n            font-size: var(--tamano4-font-size-mobile);\r\n        }\r\n    }\r\n<\/style>\r\n","protected":false},"excerpt":{"rendered":"","protected":false},"author":0,"featured_media":0,"parent":0,"menu_order":0,"comment_status":"open","ping_status":"closed","template":"","meta":{"_acf_changed":false,"iawp_total_views":0,"footnotes":""},"class_list":["post-375","page","type-page","status-publish","hentry"],"acf":[],"yoast_head":"<!-- This site is optimized with the Yoast SEO plugin v27.4 - https:\/\/yoast.com\/product\/yoast-seo-wordpress\/ -->\n<title>Aviso Legal | FuNCiona Psicolog\u00eda<\/title>\n<meta name=\"description\" content=\"Consulta las condiciones de uso y el aviso legal de FuNCiona Psicolog\u00eda. Informaci\u00f3n legal, t\u00e9rminos de uso y responsabilidad del sitio web.\" \/>\n<meta name=\"robots\" content=\"index, follow, max-snippet:-1, max-image-preview:large, max-video-preview:-1\" \/>\n<link rel=\"canonical\" href=\"https:\/\/funcionapsicologia.com\/en\/legal-notice\/\" \/>\n<meta property=\"og:locale\" content=\"en_US\" \/>\n<meta property=\"og:type\" content=\"article\" \/>\n<meta property=\"og:title\" content=\"Aviso Legal | FuNCiona Psicolog\u00eda\" \/>\n<meta property=\"og:description\" content=\"Consulta las condiciones de uso y el aviso legal de FuNCiona Psicolog\u00eda. Informaci\u00f3n legal, t\u00e9rminos de uso y responsabilidad del sitio web.\" \/>\n<meta property=\"og:url\" content=\"https:\/\/funcionapsicologia.com\/en\/legal-notice\/\" \/>\n<meta property=\"og:site_name\" content=\"FuNCiona Psicolog\u00eda\" \/>\n<meta property=\"article:modified_time\" content=\"2025-10-10T10:13:33+00:00\" \/>\n<meta name=\"twitter:card\" content=\"summary_large_image\" \/>\n<!-- \/ Yoast SEO plugin. -->","yoast_head_json":{"title":"Aviso Legal | FuNCiona Psicolog\u00eda","description":"Consulta las condiciones de uso y el aviso legal de FuNCiona Psicolog\u00eda. Informaci\u00f3n legal, t\u00e9rminos de uso y responsabilidad del sitio web.","robots":{"index":"index","follow":"follow","max-snippet":"max-snippet:-1","max-image-preview":"max-image-preview:large","max-video-preview":"max-video-preview:-1"},"canonical":"https:\/\/funcionapsicologia.com\/en\/legal-notice\/","og_locale":"en_US","og_type":"article","og_title":"Aviso Legal | FuNCiona Psicolog\u00eda","og_description":"Consulta las condiciones de uso y el aviso legal de FuNCiona Psicolog\u00eda. Informaci\u00f3n legal, t\u00e9rminos de uso y responsabilidad del sitio web.","og_url":"https:\/\/funcionapsicologia.com\/en\/legal-notice\/","og_site_name":"FuNCiona Psicolog\u00eda","article_modified_time":"2025-10-10T10:13:33+00:00","twitter_card":"summary_large_image","schema":{"@context":"https:\/\/schema.org","@graph":[{"@type":"WebPage","@id":"https:\/\/funcionapsicologia.com\/en\/legal-notice\/","url":"https:\/\/funcionapsicologia.com\/en\/legal-notice\/","name":"Aviso Legal | FuNCiona Psicolog\u00eda","isPartOf":{"@id":"https:\/\/funcionapsicologia.com\/en\/#website"},"datePublished":"2025-04-14T15:17:31+00:00","dateModified":"2025-10-10T10:13:33+00:00","description":"Consulta las condiciones de uso y el aviso legal de FuNCiona Psicolog\u00eda. Informaci\u00f3n legal, t\u00e9rminos de uso y responsabilidad del sitio web.","breadcrumb":{"@id":"https:\/\/funcionapsicologia.com\/en\/legal-notice\/#breadcrumb"},"inLanguage":"en-US","potentialAction":[{"@type":"ReadAction","target":["https:\/\/funcionapsicologia.com\/en\/legal-notice\/"]}]},{"@type":"BreadcrumbList","@id":"https:\/\/funcionapsicologia.com\/en\/legal-notice\/#breadcrumb","itemListElement":[{"@type":"ListItem","position":1,"name":"Portada","item":"https:\/\/funcionapsicologia.com\/en\/"},{"@type":"ListItem","position":2,"name":"Legal notice"}]},{"@type":"WebSite","@id":"https:\/\/funcionapsicologia.com\/en\/#website","url":"https:\/\/funcionapsicologia.com\/en\/","name":"FuNCiona Psicolog\u00eda","description":"","publisher":{"@id":"https:\/\/funcionapsicologia.com\/en\/#organization"},"potentialAction":[{"@type":"SearchAction","target":{"@type":"EntryPoint","urlTemplate":"https:\/\/funcionapsicologia.com\/en\/?s={search_term_string}"},"query-input":{"@type":"PropertyValueSpecification","valueRequired":true,"valueName":"search_term_string"}}],"inLanguage":"en-US"},{"@type":"Organization","@id":"https:\/\/funcionapsicologia.com\/en\/#organization","name":"FuNCiona Psicolog\u00eda","url":"https:\/\/funcionapsicologia.com\/en\/","logo":{"@type":"ImageObject","inLanguage":"en-US","@id":"https:\/\/funcionapsicologia.com\/en\/#\/schema\/logo\/image\/","url":"https:\/\/funcionapsicologia.com\/wp-content\/uploads\/2025\/04\/67fcff5de9e5d_IMG_0070.png","contentUrl":"https:\/\/funcionapsicologia.com\/wp-content\/uploads\/2025\/04\/67fcff5de9e5d_IMG_0070.png","width":2560,"height":1656,"caption":"FuNCiona Psicolog\u00eda "},"image":{"@id":"https:\/\/funcionapsicologia.com\/en\/#\/schema\/logo\/image\/"}}]}},"_links":{"self":[{"href":"https:\/\/funcionapsicologia.com\/en\/wp-json\/wp\/v2\/pages\/375","targetHints":{"allow":["GET"]}}],"collection":[{"href":"https:\/\/funcionapsicologia.com\/en\/wp-json\/wp\/v2\/pages"}],"about":[{"href":"https:\/\/funcionapsicologia.com\/en\/wp-json\/wp\/v2\/types\/page"}],"replies":[{"embeddable":true,"href":"https:\/\/funcionapsicologia.com\/en\/wp-json\/wp\/v2\/comments?post=375"}],"version-history":[{"count":2,"href":"https:\/\/funcionapsicologia.com\/en\/wp-json\/wp\/v2\/pages\/375\/revisions"}],"predecessor-version":[{"id":1159,"href":"https:\/\/funcionapsicologia.com\/en\/wp-json\/wp\/v2\/pages\/375\/revisions\/1159"}],"wp:attachment":[{"href":"https:\/\/funcionapsicologia.com\/en\/wp-json\/wp\/v2\/media?parent=375"}],"curies":[{"name":"wp","href":"https:\/\/api.w.org\/{rel}","templated":true}]}}